{"id":91,"date":"2015-01-24T08:00:46","date_gmt":"2015-01-24T08:00:46","guid":{"rendered":"http:\/\/stadninakoniopypy.pl\/?page_id=91"},"modified":"2015-01-29T17:50:58","modified_gmt":"2015-01-29T17:50:58","slug":"calderon","status":"publish","type":"page","link":"http:\/\/stadninakoniopypy.pl\/?page_id=91","title":{"rendered":"Calderon"},"content":{"rendered":"<div class=\"tr\"><a href=\"http:\/\/stadninakoniopypy.pl\/wp-content\/uploads\/2015\/01\/calderon.jpg\"><img loading=\"lazy\" class=\"alignnone wp-image-97 size-full\" src=\"http:\/\/stadninakoniopypy.pl\/wp-content\/uploads\/2015\/01\/calderon.jpg\" alt=\"Calderon\" width=\"800\" height=\"530\" srcset=\"http:\/\/stadninakoniopypy.pl\/wp-content\/uploads\/2015\/01\/calderon.jpg 800w, http:\/\/stadninakoniopypy.pl\/wp-content\/uploads\/2015\/01\/calderon-300x198.jpg 300w\" sizes=\"(max-width: 800px) 100vw, 800px\" \/><\/a><\/div>\n<p>Ogier CALDERON rasy oldenburskiej cechuje si\u0119 ogromn\u0105 urod\u0105 , szlachetno\u015bci\u0105 , wierzchowym typem. Jego rodow\u00f3d sprowadza si\u0119 a\u017c pi\u0119ciokrotnie do polskiego angloaraba Ramzes, ambasadora polskiej hodowli w Niemczech. Ogier Ramzes odegra\u0142 ogromn\u0105 rol\u0119 w rasie westfalskiej i holszty\u0144skiej gdzie pozostawi\u0142 du\u017c\u0105 ilo\u015b\u0107 ogier\u00f3w i klaczy oraz koni sportowych. Stworzy\u0142 lini\u0119 koni uje\u017cd\u017ceniowych w rasie westfalskiej i lini\u0119 koni skokowych w rasie holszty\u0144skiej.<\/p>\n<p>Ojciec Calderona holszty\u0144ski Carolus to wybitny reproduktor i skoczek, syn ogiera Capitol, kt\u00f3ry wielokrotnie w rankingu \u015bwiatowym ojc\u00f3w skoczk\u00f3w zajmowa\u0142 czo\u0142owe lokaty i jest przedstawicielem linii ogiera Cottage Son xx.<\/p>\n<p>Matka Calderona holszty\u0144ska klacz Weida jest c\u00f3rk\u0105 hanowerskiego ogiera Ahorn Z rodzonego brata klaczy Argentina matki s\u0142ynnej kl. Ratina Z, reprezentuj\u0105cego krew zas\u0142u\u017conego dla hodowli skoczk\u00f3w s\u0142ynnego ogiera Alme Z \u2013 S.F.<\/p>\n<p>Pierwsze potomstwo ogiera Calderon jest doskona\u0142e pod wzgl\u0119dem urody, typu, ruchu .<\/p>\n<p>Ogiera Calderon mo\u017cna nazwa\u0107 \u201ekr\u00f3lem czempionat\u00f3w \u017arebi\u0105t\u201d gdy\u017c w ostatnich trzech latach jego potomstwo odnosi\u0142o du\u017ce sukcesy w czempionatach \u017arebi\u0105t uzyskuj\u0105c tytu\u0142y czempion\u00f3w i wiceczempion\u00f3w. Calderon by\u0142 u\u017cytkowany sportowo w konkurencji skok\u00f3w wykazuj\u0105c si\u0119 szczeg\u00f3lnie bardzo dobr\u0105 technik\u0105.<\/p>\n<p>W 2007 roku syn Calderona wa\u0142ach Corascot wyhodowany w SK Opypy zosta\u0142 Mistrzem Polski M\u0142odych Koni sze\u015bcioletnich w uje\u017cd\u017ceniu. Kolejny jego syn Calperon PG hodowli Krzysztofa G\u00f3raka zosta\u0142 tak\u017ce\u00a0 Mistrzem Polski M\u0142odych Koni sze\u015bcioletnich w uje\u017cd\u017ceniu w roku 2008.Obydwa konie z powodzeniem startuj\u0105 w konkursach Ma\u0142ej Rundy w ujezd\u017ceniu.<\/p>\n<p>W 2010 roku syn Calderona ogier Cin Cin zosta\u0142 II Vicemistrzem Polski M\u0142odych Koni siedmioletnich w skokach. Cin Cin z powodzeniem startuje na poziomie Ma\u0142ej Rundy na Zawodach Og\u00f3lnopolskich i Mi\u0119dzynarodowych, wygrywaj\u0105c liczne konkursy.<\/p>\n<p>Kolejny syn Calderona ogier Casius z powodzeniem startuje na poziomie Du\u017cej Rundy na Zawodach Og\u00f3lnopolskich i Mi\u0119dzynarodowych, wygrywaj\u0105c liczne konkursy.<\/p>\n<p>&nbsp;<\/p>\n<table class=\"drzewo\" border=\"0\" cellspacing=\"0\" cellpadding=\"5\">\n<tbody>\n<tr>\n<td class=\"d_td1\" rowspan=\"4\">Carolus (Holst)<\/td>\n<td class=\"d_td1\" rowspan=\"2\">Capitol (Holst)<\/td>\n<td class=\"d_td1\">Capitano (Holst)<\/td>\n<td class=\"d_td1\">po Corpolar (Holst)<\/td>\n<\/tr>\n<tr>\n<td class=\"d_td1\">Folia (Holst)<\/td>\n<td class=\"d_td1\">po Maximus (Holst)<\/td>\n<\/tr>\n<tr>\n<td class=\"d_td1\" rowspan=\"2\">Lacq (Holst)<\/td>\n<td class=\"d_td1\">Roman (Holst)<\/td>\n<td class=\"d_td1\">po Ramzes (A.A)<\/td>\n<\/tr>\n<tr>\n<td class=\"d_td1\">Cordelia (Holst)<\/td>\n<td class=\"d_td1\">po Ladykiller (XX)<\/td>\n<\/tr>\n<tr>\n<td class=\"d_td0\" rowspan=\"4\">Weida (Holst)<\/td>\n<td class=\"d_td1\" rowspan=\"2\">Ahorn Z (Hann)<\/td>\n<td class=\"d_td1\">Alme Z (Sf)<\/td>\n<td class=\"d_td1\">po Ibrahim<\/td>\n<\/tr>\n<tr>\n<td class=\"d_td1\">Heureka Z (Holst)<\/td>\n<td class=\"d_td1\">po Ganeff (Holst)<\/td>\n<\/tr>\n<tr>\n<td class=\"d_td0\" rowspan=\"2\">Pirouette (Holst)<\/td>\n<td class=\"d_td1\">Rocco (Holst)<\/td>\n<td class=\"d_td1\">po Rigoletto (Holst)<\/td>\n<\/tr>\n<tr>\n<td class=\"d_td1\">Kassandra (Holst)<\/td>\n<td class=\"d_td1\">po Ladykiller (XX)<\/td>\n<\/tr>\n<\/tbody>\n<\/table>\n<p>&nbsp;<\/p>\n","protected":false},"excerpt":{"rendered":"<p>Ogier CALDERON rasy oldenburskiej cechuje si\u0119 ogromn\u0105 urod\u0105 , szlachetno\u015bci\u0105 , wierzchowym typem. Jego rodow\u00f3d sprowadza si\u0119 a\u017c pi\u0119ciokrotnie do polskiego angloaraba Ramzes, ambasadora polskiej hodowli w Niemczech. Ogier Ramzes odegra\u0142 ogromn\u0105 rol\u0119 w rasie westfalskiej i holszty\u0144skiej gdzie pozostawi\u0142 du\u017c\u0105 ilo\u015b\u0107 ogier\u00f3w i klaczy oraz koni sportowych. Stworzy\u0142 lini\u0119 koni uje\u017cd\u017ceniowych w rasie westfalskiej &hellip; <a href=\"http:\/\/stadninakoniopypy.pl\/?page_id=91\" class=\"more-link\">Czytaj dalej <span class=\"screen-reader-text\">Calderon<\/span> <span class=\"meta-nav\">&rarr;<\/span><\/a><\/p>\n","protected":false},"author":1,"featured_media":0,"parent":12,"menu_order":1,"comment_status":"closed","ping_status":"closed","template":"","meta":[],"_links":{"self":[{"href":"http:\/\/stadninakoniopypy.pl\/index.php?rest_route=\/wp\/v2\/pages\/91"}],"collection":[{"href":"http:\/\/stadninakoniopypy.pl\/index.php?rest_route=\/wp\/v2\/pages"}],"about":[{"href":"http:\/\/stadninakoniopypy.pl\/index.php?rest_route=\/wp\/v2\/types\/page"}],"author":[{"embeddable":true,"href":"http:\/\/stadninakoniopypy.pl\/index.php?rest_route=\/wp\/v2\/users\/1"}],"replies":[{"embeddable":true,"href":"http:\/\/stadninakoniopypy.pl\/index.php?rest_route=%2Fwp%2Fv2%2Fcomments&post=91"}],"version-history":[{"count":7,"href":"http:\/\/stadninakoniopypy.pl\/index.php?rest_route=\/wp\/v2\/pages\/91\/revisions"}],"predecessor-version":[{"id":206,"href":"http:\/\/stadninakoniopypy.pl\/index.php?rest_route=\/wp\/v2\/pages\/91\/revisions\/206"}],"up":[{"embeddable":true,"href":"http:\/\/stadninakoniopypy.pl\/index.php?rest_route=\/wp\/v2\/pages\/12"}],"wp:attachment":[{"href":"http:\/\/stadninakoniopypy.pl\/index.php?rest_route=%2Fwp%2Fv2%2Fmedia&parent=91"}],"curies":[{"name":"wp","href":"https:\/\/api.w.org\/{rel}","templated":true}]}}